{"id":8263,"date":"2019-05-10T14:40:15","date_gmt":"2019-05-10T14:40:15","guid":{"rendered":"https:\/\/new.cncmachining.fi\/home\/"},"modified":"2023-08-22T14:10:30","modified_gmt":"2023-08-22T14:10:30","slug":"home","status":"publish","type":"page","link":"https:\/\/cncmachining.fi\/de\/","title":{"rendered":"Startseite"},"content":{"rendered":"<section class=\"l-section wpb_row us_custom_a518f36e us_animate_this height_custom full_height valign_center color_footer-bottom with_slider\"><div class=\"l-section-slider\"><div class=\"w-slider style_none fit_cover\"><div class=\"w-slider-h\"><div class=\"royalSlider\"><div class=\"rsContent\"><a class=\"rsImg\" data-rsw=\"2000\" data-rsh=\"1333\" href=\"https:\/\/cncmachining.fi\/wp-content\/uploads\/2023\/07\/IMG_1442-scaled.jpg\"><span data-alt=\"\"><\/span><\/a><\/div><div class=\"rsContent\"><a class=\"rsImg\" data-rsw=\"2000\" data-rsh=\"1333\" href=\"https:\/\/cncmachining.fi\/wp-content\/uploads\/2023\/07\/IMG_1445-scaled.jpg\"><span data-alt=\"\"><\/span><\/a><\/div><div class=\"rsContent\"><a class=\"rsImg\" data-rsw=\"2000\" data-rsh=\"1333\" href=\"https:\/\/cncmachining.fi\/wp-content\/uploads\/2023\/07\/IMG_1447-scaled.jpg\"><span data-alt=\"\"><\/span><\/a><\/div><div class=\"rsContent\"><a class=\"rsImg\" data-rsw=\"2000\" data-rsh=\"1333\" href=\"https:\/\/cncmachining.fi\/wp-content\/uploads\/2023\/07\/IMG_1453-scaled.jpg\"><span data-alt=\"\"><\/span><\/a><\/div><div class=\"rsContent\"><a class=\"rsImg\" data-rsw=\"2000\" data-rsh=\"1333\" href=\"https:\/\/cncmachining.fi\/wp-content\/uploads\/2023\/07\/IMG_1420-scaled.jpg\"><span data-alt=\"\"><\/span><\/a><\/div><div class=\"rsContent\"><a class=\"rsImg\" data-rsw=\"2000\" data-rsh=\"1333\" href=\"https:\/\/cncmachining.fi\/wp-content\/uploads\/2023\/07\/IMG_1421-scaled.jpg\"><span data-alt=\"\"><\/span><\/a><\/div><div class=\"rsContent\"><a class=\"rsImg\" data-rsw=\"2000\" data-rsh=\"1333\" href=\"https:\/\/cncmachining.fi\/wp-content\/uploads\/2023\/07\/IMG_1425-scaled.jpg\"><span data-alt=\"\"><\/span><\/a><\/div><div class=\"rsContent\"><a class=\"rsImg\" data-rsw=\"2000\" data-rsh=\"1333\" href=\"https:\/\/cncmachining.fi\/wp-content\/uploads\/2023\/07\/IMG_1428-scaled.jpg\"><span data-alt=\"CNC machining\"><\/span><\/a><\/div><div class=\"rsContent\"><a class=\"rsImg\" data-rsw=\"2000\" data-rsh=\"1333\" href=\"https:\/\/cncmachining.fi\/wp-content\/uploads\/2023\/07\/IMG_1438-scaled.jpg\"><span data-alt=\"\"><\/span><\/a><\/div><\/div><img decoding=\"async\" src=\"https:\/\/cncmachining.fi\/wp-content\/uploads\/2023\/07\/IMG_1442-scaled.jpg\" width=\"2000\" height=\"1333\" alt loading=\"lazy\"><\/div><div class=\"w-slider-json\" onclick='return {&quot;autoScaleSlider&quot;:true,&quot;loop&quot;:true,&quot;fadeInLoadedSlide&quot;:false,&quot;slidesSpacing&quot;:0,&quot;imageScalePadding&quot;:0,&quot;numImagesToPreload&quot;:2,&quot;arrowsNav&quot;:false,&quot;arrowsNavAutoHide&quot;:false,&quot;transitionType&quot;:&quot;fade&quot;,&quot;transitionSpeed&quot;:1300,&quot;block&quot;:{&quot;moveEffect&quot;:&quot;none&quot;,&quot;speed&quot;:300},&quot;thumbs&quot;:{&quot;fitInViewport&quot;:false},&quot;controlNavigation&quot;:&quot;none&quot;,&quot;autoplay&quot;:{&quot;enabled&quot;:true,&quot;pauseOnHover&quot;:false,&quot;delay&quot;:2500},&quot;imageScaleMode&quot;:&quot;fill&quot;,&quot;autoScaleSliderWidth&quot;:2000,&quot;autoScaleSliderHeight&quot;:1333}'><\/div><\/div><\/div><div class=\"l-section-overlay\" style=\"background:rgba(26,26,26,0.40)\"><\/div><div class=\"l-section-h i-cf\"><div class=\"g-cols vc_row via_flex valign_middle type_default stacking_default\"><div class=\"vc_col-sm-6 wpb_column vc_column_container\"><div class=\"vc_column-inner\"><div class=\"wpb_wrapper\"><div class=\"w-hwrapper valign_top align_center\" style=\"--hwrapper-gap:0rem\">[vc_custom_heading text=&#8220;Bearbeitung mit CNC-Werkzeugmaschinen&#8220; font_container=&#8220;tag:h1|text_align:center&#8220; use_theme_fonts=&#8220;yes&#8220; css=&#8220;%7B%22default%22%3A%7B%22background-color%22%3A%22_content_primary%22%2C%22padding-left%22%3A%2220px%22%2C%22padding-top%22%3A%2210px%22%2C%22padding-bottom%22%3A%2210px%22%2C%22padding-right%22%3A%2220px%22%7D%7D&#8220;]<\/div><div class=\"w-separator size_medium\"><\/div><div class=\"w-btn-wrapper align_center\"><a class=\"w-btn us-btn-style_3 icon_atright\" href=\"#services\"><span class=\"w-btn-label\">Dienstleistungen<\/span><i class=\"fal fa-long-arrow-down\"><\/i><\/a><\/div><\/div><\/div><\/div><div class=\"vc_col-sm-6 wpb_column vc_column_container\"><div class=\"vc_column-inner\"><div class=\"wpb_wrapper\"><div class=\"wpb_text_column us_custom_af9f2a0f\"><div class=\"wpb_wrapper\"><p>Das Unternehmen Techcom O\u00dc wird als Subunternehmer auf die mechanische Bearbeitung spezialisiert und f\u00fchrt ein breites Spektrum der Arbeiten aus \u2013 von Serienfertigung der Teile auf CNC-Werkzeugmaschinen bis hin zur Kleinserienfertigung, Prototypenbau und Projektierung.<\/p>\n<p>Durch den Einsatz von modernsten CNC-Ausr\u00fcstungen und CAM-Software von Herstellern wie DMG MORI, HAAS und Autodesk sind wir in der Lage, unseren Kunden die Teile von komplexen Konfigurationen termingerecht und mit engen Toleranzen bereitzustellen.<\/p>\n<\/div><\/div><\/div><\/div><\/div><\/div><\/div><\/section><section class=\"l-section wpb_row height_custom full_height valign_center width_full color_footer-bottom with_video\" id=\"services\"><style>@media(max-width:100px){#us_bg_video_xac6{display:none!important}}<\/style><div class=\"l-section-video\" id=\"us_bg_video_xac6\"><video muted loop autoplay playsinline preload=\"auto\"><source type=\"video\/mp4\" src=\"\/wp-content\/uploads\/CNC-Milling-Turning.mp4\" \/><\/video><\/div><div class=\"l-section-h i-cf\"><div class=\"g-cols vc_row via_flex valign_middle type_default stacking_default\"><div class=\"vc_col-sm-6 wpb_column vc_column_container\"><div class=\"vc_column-inner\"><div class=\"wpb_wrapper\"><div class=\"w-hwrapper valign_top align_center\" style=\"--hwrapper-gap:0rem\">[vc_custom_heading text=&#8220;Fr\u00e4sen auf CNC-Werkzeugmaschinen&#8220; font_container=&#8220;tag:h2|text_align:center&#8220; use_theme_fonts=&#8220;yes&#8220; css=&#8220;%7B%22default%22%3A%7B%22background-color%22%3A%22_content_primary%22%2C%22padding-left%22%3A%2220px%22%2C%22padding-top%22%3A%2210px%22%2C%22padding-bottom%22%3A%2210px%22%2C%22padding-right%22%3A%2220px%22%7D%7D&#8220; link=&#8220;url:%2Fde%2Ffraesen-auf-cnc-werkzeugmaschinen%2F&#8220;]<\/div><div class=\"w-separator size_medium\"><\/div><div class=\"w-btn-wrapper align_center\"><a class=\"w-btn us-btn-style_3 icon_atright\" href=\"\/de\/fraesen-auf-cnc-werkzeugmaschinen\/\"><span class=\"w-btn-label\">Einzelheiten<\/span><i class=\"fal fa-long-arrow-right\"><\/i><\/a><\/div><div class=\"w-separator hide_on_default hide_on_laptops size_medium\"><\/div><\/div><\/div><\/div><div class=\"vc_col-sm-6 wpb_column vc_column_container\"><div class=\"vc_column-inner\"><div class=\"wpb_wrapper\"><div class=\"w-hwrapper valign_top align_center\" style=\"--hwrapper-gap:0rem\">[vc_custom_heading text=&#8220;CNC-gesteuertes Drehen&#8220; font_container=&#8220;tag:h2|text_align:center&#8220; use_theme_fonts=&#8220;yes&#8220; css=&#8220;%7B%22default%22%3A%7B%22background-color%22%3A%22_content_primary%22%2C%22padding-left%22%3A%2220px%22%2C%22padding-top%22%3A%2210px%22%2C%22padding-bottom%22%3A%2210px%22%2C%22padding-right%22%3A%2220px%22%7D%7D&#8220; link=&#8220;url:%2Fde%2Fcnc-gesteuertes-drehen%2F&#8220;]<\/div><div class=\"w-separator size_medium\"><\/div><div class=\"w-btn-wrapper align_center\"><a class=\"w-btn us-btn-style_3 icon_atright\" href=\"\/de\/cnc-gesteuertes-drehen\/\"><span class=\"w-btn-label\">Einzelheiten<\/span><i class=\"fal fa-long-arrow-right\"><\/i><\/a><\/div><\/div><\/div><\/div><\/div><\/div><\/section><section class=\"l-section wpb_row us_custom_a518f36e us_animate_this height_custom\" id=\"inquiry\"><div class=\"l-section-h i-cf\"><div class=\"g-cols vc_row via_flex valign_top type_default stacking_default\"><div class=\"vc_col-sm-12 wpb_column vc_column_container\"><div class=\"vc_column-inner\"><div class=\"wpb_wrapper\"><section class=\"l-section wpb_row us_custom_a518f36e us_animate_this height_auto\"><div class=\"l-section-h i-cf\"><div class=\"g-cols vc_row via_flex valign_top type_default stacking_default\"><div class=\"vc_col-sm-12 wpb_column vc_column_container\"><div class=\"vc_column-inner\"><div class=\"wpb_wrapper\">[vc_custom_heading text=&#8220;Senden Sie Ihre Anfrage ab&#8220; font_container=&#8220;tag:h3|text_align:left&#8220; use_theme_fonts=&#8220;yes&#8220;]<div class=\"w-separator size_small\"><\/div><div class=\"wpb_text_column\"><div class=\"wpb_wrapper\"><p>F\u00fcllen Sie das Formular aus, f\u00fcgen die Zeichnungen und Begleitdokumentation bei, geben die technischen Anforderungen an und wir sch\u00e4tzen die Kosten und Herstellungsfrist f\u00fcr Ihre Bestellung.<\/p>\n<\/div><\/div><div class=\"w-separator size_small\"><\/div><div class=\"wpforms-container wpforms-container-full wpforms-render-modern\" id=\"wpforms-8257\"><form id=\"wpforms-form-8257\" class=\"wpforms-validate wpforms-form wpforms-ajax-form\" data-formid=\"8257\" method=\"post\" enctype=\"multipart\/form-data\" action=\"\/de\/wp-json\/wp\/v2\/pages\/8263?wpforms_form_id=8257\" data-token=\"0ab1e5d63b9d99814759c2190032b5ff\"><noscript class=\"wpforms-error-noscript\">Bitte aktiviere JavaScript in deinem Browser, um dieses Formular fertigzustellen.<\/noscript><div class=\"wpforms-hidden\" id=\"wpforms-error-noscript\">Bitte aktiviere JavaScript in deinem Browser, um dieses Formular fertigzustellen.<\/div><div class=\"wpforms-field-container\"><div id=\"wpforms-8257-field_1-container\" class=\"wpforms-field wpforms-field-layout\" data-field-id=\"1\"><label class=\"wpforms-field-label wpforms-label-hide\" for=\"wpforms-8257-field_1\" aria-hidden=\"false\">Layout<\/label><div class=\"wpforms-field-layout-columns wpforms-field-layout-preset-50-50\"><div class=\"wpforms-layout-column wpforms-layout-column-50\"><div id=\"wpforms-8257-field_2-container\" class=\"wpforms-field wpforms-field-text\" data-field-id=\"2\"><label class=\"wpforms-field-label\" for=\"wpforms-8257-field_2\">Firmenname <span class=\"wpforms-required-label\" aria-hidden=\"true\">*<\/span><\/label><input type=\"text\" id=\"wpforms-8257-field_2\" class=\"wpforms-field-medium wpforms-field-required\" name=\"wpforms[fields][2]\" aria-errormessage=\"wpforms-8257-field_2-error\" required><\/div><\/div><div class=\"wpforms-layout-column wpforms-layout-column-50\"><div id=\"wpforms-8257-field_3-container\" class=\"wpforms-field wpforms-field-email\" data-field-id=\"3\"><label class=\"wpforms-field-label\" for=\"wpforms-8257-field_3\">E-Mail-Adresse <span class=\"wpforms-required-label\" aria-hidden=\"true\">*<\/span><\/label><input type=\"email\" id=\"wpforms-8257-field_3\" class=\"wpforms-field-medium wpforms-field-required\" name=\"wpforms[fields][3]\" spellcheck=\"false\" aria-errormessage=\"wpforms-8257-field_3-error\" required><\/div><\/div><\/div><\/div><div id=\"wpforms-8257-field_4-container\" class=\"wpforms-field wpforms-field-text\" data-field-id=\"4\"><label class=\"wpforms-field-label\" for=\"wpforms-8257-field_4\">Stadt und Land <span class=\"wpforms-required-label\" aria-hidden=\"true\">*<\/span><\/label><input type=\"text\" id=\"wpforms-8257-field_4\" class=\"wpforms-field-large wpforms-field-required\" name=\"wpforms[fields][4]\" aria-errormessage=\"wpforms-8257-field_4-error\" required><\/div><div id=\"wpforms-8257-field_5-container\" class=\"wpforms-field wpforms-field-textarea\" data-field-id=\"5\"><label class=\"wpforms-field-label\" for=\"wpforms-8257-field_5\">Beschreibung der Bestellung <span class=\"wpforms-required-label\" aria-hidden=\"true\">*<\/span><\/label><textarea id=\"wpforms-8257-field_5\" class=\"wpforms-field-medium wpforms-field-required\" name=\"wpforms[fields][5]\" aria-errormessage=\"wpforms-8257-field_5-error\" required><\/textarea><\/div><div id=\"wpforms-8257-field_7-container\" class=\"wpforms-field wpforms-field-file-upload\" data-field-id=\"7\"><label class=\"wpforms-field-label\" for=\"wpforms-8257-field_7\">Upload der Datei<\/label><div\n\t\tclass=\"wpforms-uploader\"\n\t\tdata-field-id=\"7\"\n\t\tdata-form-id=\"8257\"\n\t\tdata-input-name=\"wpforms_8257_7\"\n\t\tdata-extensions=\"jpg,jpeg,jpe,gif,png,bmp,tiff,tif,webp,avif,ico,heic,heif,heics,heifs,asf,asx,wmv,wmx,wm,avi,divx,mov,qt,mpeg,mpg,mpe,mp4,m4v,ogv,webm,mkv,3gp,3gpp,3g2,3gp2,txt,asc,c,cc,h,srt,csv,tsv,ics,rtx,css,vtt,mp3,m4a,m4b,aac,ra,ram,wav,x-wav,ogg,oga,flac,mid,midi,wma,wax,mka,rtf,pdf,class,tar,zip,gz,gzip,rar,7z,psd,xcf,doc,pot,pps,ppt,wri,xla,xls,xlt,xlw,mpp,docx,docm,dotx,dotm,xlsx,xlsm,xlsb,xltx,xltm,xlam,pptx,pptm,ppsx,ppsm,potx,potm,ppam,sldx,sldm,onetoc,onetoc2,onepkg,oxps,xps,odt,odp,ods,odg,odc,odb,odf,wp,wpd,key,numbers,pages,svg,woff,woff2\"\n\t\tdata-max-size=\"2146435072\"\n\t\tdata-max-file-number=\"5\"\n\t\tdata-post-max-size=\"2146435072\"\n\t\tdata-max-parallel-uploads=\"4\"\n\t\tdata-parallel-uploads=\"true\"\n\t\tdata-file-chunk-size=\"2097152\">\n\t<div class=\"dz-message\">\n\t\t<svg viewBox=\"0 0 1024 1024\" focusable=\"false\" data-icon=\"inbox\" width=\"50px\" height=\"50px\" fill=\"currentColor\" aria-hidden=\"true\">\n\t\t\t<path d=\"M885.2 446.3l-.2-.8-112.2-285.1c-5-16.1-19.9-27.2-36.8-27.2H281.2c-17 0-32.1 11.3-36.9 27.6L139.4 443l-.3.7-.2.8c-1.3 4.9-1.7 9.9-1 14.8-.1 1.6-.2 3.2-.2 4.8V830a60.9 60.9 0 0 0 60.8 60.8h627.2c33.5 0 60.8-27.3 60.9-60.8V464.1c0-1.3 0-2.6-.1-3.7.4-4.9 0-9.6-1.3-14.1zm-295.8-43l-.3 15.7c-.8 44.9-31.8 75.1-77.1 75.1-22.1 0-41.1-7.1-54.8-20.6S436 441.2 435.6 419l-.3-15.7H229.5L309 210h399.2l81.7 193.3H589.4zm-375 76.8h157.3c24.3 57.1 76 90.8 140.4 90.8 33.7 0 65-9.4 90.3-27.2 22.2-15.6 39.5-37.4 50.7-63.6h156.5V814H214.4V480.1z\"><\/path>\n\t\t<\/svg>\n\t\t<span class=\"modern-title\">Click or drag files to this area to upload.<\/span>\n\n\t\t\t\t\t<span class=\"modern-hint\">You can upload up to 5 files.<\/span>\n\t\t\t<\/div>\n<\/div>\n<input\n\t\ttype=\"text\"\n\t\tautocomplete=\"off\"\n\t\tclass=\"dropzone-input\"\n\t\tstyle=\"position:absolute!important;clip:rect(0,0,0,0)!important;height:1px!important;width:1px!important;border:0!important;overflow:hidden!important;padding:0!important;margin:0!important;\"\n\t\tid=\"wpforms-8257-field_7\"\n\t\tname=\"wpforms_8257_7\" \t\tvalue=\"\">\n<\/div><\/div><!-- .wpforms-field-container --><div class=\"wpforms-submit-container\" ><input type=\"hidden\" name=\"wpforms[id]\" value=\"8257\"><input type=\"hidden\" name=\"wpforms[author]\" value=\"1\"><button type=\"submit\" name=\"wpforms[submit]\" id=\"wpforms-submit-8257\" class=\"wpforms-submit\" aria-live=\"assertive\" value=\"wpforms-submit\">Bestellung absenden<\/button><img loading=\"lazy\" decoding=\"async\" src=\"https:\/\/cncmachining.fi\/wp-content\/plugins\/wpforms\/assets\/images\/submit-spin.svg\" class=\"wpforms-submit-spinner\" style=\"display: none;\" width=\"26\" height=\"26\" alt=\"Wird geladen\"><\/div><\/form><\/div>  <!-- .wpforms-container --><\/div><\/div><\/div><\/div><\/div><\/section>\n<\/div><\/div><\/div><\/div><\/div><\/section>\n","protected":false},"excerpt":{"rendered":"[vc_custom_heading text=\"Bearbeitung mit CNC-Werkzeugmaschinen\" font_container=\"tag:h1|text_align:center\" use_theme_fonts=\"yes\" css=\"%7B%22default%22%3A%7B%22background-color%22%3A%22_content_primary%22%2C%22padding-left%22%3A%2220px%22%2C%22padding-top%22%3A%2210px%22%2C%22padding-bottom%22%3A%2210px%22%2C%22padding-right%22%3A%2220px%22%7D%7D\"]DienstleistungenDas Unternehmen Techcom O\u00dc wird als Subunternehmer auf die mechanische Bearbeitung spezialisiert und f\u00fchrt ein breites Spektrum der Arbeiten aus \u2013 von Serienfertigung der Teile auf CNC-Werkzeugmaschinen bis hin zur Kleinserienfertigung, Prototypenbau und Projektierung. Durch den Einsatz von modernsten CNC-Ausr\u00fcstungen und CAM-Software von Herstellern wie DMG MORI, HAAS und...","protected":false},"author":1,"featured_media":8111,"parent":0,"menu_order":0,"comment_status":"closed","ping_status":"closed","template":"","meta":{"footnotes":""},"class_list":["post-8263","page","type-page","status-publish","has-post-thumbnail","hentry"],"yoast_head":"<!-- This site is optimized with the Yoast SEO plugin v21.0 - https:\/\/yoast.com\/wordpress\/plugins\/seo\/ -->\n<title>Bearbeitung mit CNC-Werkzeugmaschinen | Techcom O\u00dc<\/title>\n<meta name=\"description\" content=\"Das Unternehmen Techcom O\u00dc wird als Subunternehmer auf die mechanische Bearbeitung spezialisiert und f\u00fchrt ein breites Spektrum der Arbeiten\" \/>\n<meta name=\"robots\" content=\"index, follow, max-snippet:-1, max-image-preview:large, max-video-preview:-1\" \/>\n<link rel=\"canonical\" href=\"https:\/\/cncmachining.fi\/de\/\" \/>\n<meta property=\"og:locale\" content=\"de_DE\" \/>\n<meta property=\"og:type\" content=\"article\" \/>\n<meta property=\"og:title\" content=\"Bearbeitung mit CNC-Werkzeugmaschinen | Techcom O\u00dc\" \/>\n<meta property=\"og:description\" content=\"Das Unternehmen Techcom O\u00dc wird als Subunternehmer auf die mechanische Bearbeitung spezialisiert und f\u00fchrt ein breites Spektrum der Arbeiten\" \/>\n<meta property=\"og:url\" content=\"https:\/\/cncmachining.fi\/de\/\" \/>\n<meta property=\"og:site_name\" content=\"Bearbeitung mit CNC-Werkzeugmaschinen\" \/>\n<meta property=\"article:modified_time\" content=\"2023-08-22T14:10:30+00:00\" \/>\n<meta property=\"og:image\" content=\"https:\/\/cncmachining.fi\/wp-content\/uploads\/2023\/07\/IMG_1428-scaled.jpg\" \/>\n\t<meta property=\"og:image:width\" content=\"2000\" \/>\n\t<meta property=\"og:image:height\" content=\"1333\" \/>\n\t<meta property=\"og:image:type\" content=\"image\/jpeg\" \/>\n<meta name=\"twitter:card\" content=\"summary_large_image\" \/>\n<meta name=\"twitter:label1\" content=\"Gesch\u00e4tzte Lesezeit\" \/>\n\t<meta name=\"twitter:data1\" content=\"3\u00a0Minuten\" \/>\n<script type=\"application\/ld+json\" class=\"yoast-schema-graph\">{\"@context\":\"https:\/\/schema.org\",\"@graph\":[{\"@type\":\"WebPage\",\"@id\":\"https:\/\/cncmachining.fi\/de\/\",\"url\":\"https:\/\/cncmachining.fi\/de\/\",\"name\":\"Bearbeitung mit CNC-Werkzeugmaschinen | Techcom O\u00dc\",\"isPartOf\":{\"@id\":\"https:\/\/cncmachining.fi\/de\/#website\"},\"datePublished\":\"2019-05-10T14:40:15+00:00\",\"dateModified\":\"2023-08-22T14:10:30+00:00\",\"description\":\"Das Unternehmen Techcom O\u00dc wird als Subunternehmer auf die mechanische Bearbeitung spezialisiert und f\u00fchrt ein breites Spektrum der Arbeiten\",\"breadcrumb\":{\"@id\":\"https:\/\/cncmachining.fi\/de\/#breadcrumb\"},\"inLanguage\":\"de\",\"potentialAction\":[{\"@type\":\"ReadAction\",\"target\":[\"https:\/\/cncmachining.fi\/de\/\"]}]},{\"@type\":\"BreadcrumbList\",\"@id\":\"https:\/\/cncmachining.fi\/de\/#breadcrumb\",\"itemListElement\":[{\"@type\":\"ListItem\",\"position\":1,\"name\":\"Home\",\"item\":\"https:\/\/cncmachining.fi\/de\/\"},{\"@type\":\"ListItem\",\"position\":2,\"name\":\"Startseite\"}]},{\"@type\":\"WebSite\",\"@id\":\"https:\/\/cncmachining.fi\/de\/#website\",\"url\":\"https:\/\/cncmachining.fi\/de\/\",\"name\":\"Bearbeitung mit CNC-Werkzeugmaschinen\",\"description\":\"\",\"publisher\":{\"@id\":\"https:\/\/cncmachining.fi\/de\/#organization\"},\"potentialAction\":[{\"@type\":\"SearchAction\",\"target\":{\"@type\":\"EntryPoint\",\"urlTemplate\":\"https:\/\/cncmachining.fi\/de\/?s={search_term_string}\"},\"query-input\":\"required name=search_term_string\"}],\"inLanguage\":\"de\"},{\"@type\":\"Organization\",\"@id\":\"https:\/\/cncmachining.fi\/de\/#organization\",\"name\":\"Techcom O\u00dc\",\"url\":\"https:\/\/cncmachining.fi\/de\/\",\"logo\":{\"@type\":\"ImageObject\",\"inLanguage\":\"de\",\"@id\":\"https:\/\/cncmachining.fi\/de\/#\/schema\/logo\/image\/\",\"url\":\"https:\/\/cncmachining.fi\/wp-content\/uploads\/2023\/07\/Techcom-logo.svg\",\"contentUrl\":\"https:\/\/cncmachining.fi\/wp-content\/uploads\/2023\/07\/Techcom-logo.svg\",\"width\":\"1024\",\"height\":\"1024\",\"caption\":\"Techcom O\u00dc\"},\"image\":{\"@id\":\"https:\/\/cncmachining.fi\/de\/#\/schema\/logo\/image\/\"}}]}<\/script>\n<!-- \/ Yoast SEO plugin. -->","yoast_head_json":{"title":"Bearbeitung mit CNC-Werkzeugmaschinen | Techcom O\u00dc","description":"Das Unternehmen Techcom O\u00dc wird als Subunternehmer auf die mechanische Bearbeitung spezialisiert und f\u00fchrt ein breites Spektrum der Arbeiten","robots":{"index":"index","follow":"follow","max-snippet":"max-snippet:-1","max-image-preview":"max-image-preview:large","max-video-preview":"max-video-preview:-1"},"canonical":"https:\/\/cncmachining.fi\/de\/","og_locale":"de_DE","og_type":"article","og_title":"Bearbeitung mit CNC-Werkzeugmaschinen | Techcom O\u00dc","og_description":"Das Unternehmen Techcom O\u00dc wird als Subunternehmer auf die mechanische Bearbeitung spezialisiert und f\u00fchrt ein breites Spektrum der Arbeiten","og_url":"https:\/\/cncmachining.fi\/de\/","og_site_name":"Bearbeitung mit CNC-Werkzeugmaschinen","article_modified_time":"2023-08-22T14:10:30+00:00","og_image":[{"width":2000,"height":1333,"url":"https:\/\/cncmachining.fi\/wp-content\/uploads\/2023\/07\/IMG_1428-scaled.jpg","type":"image\/jpeg"}],"twitter_card":"summary_large_image","twitter_misc":{"Gesch\u00e4tzte Lesezeit":"3\u00a0Minuten"},"schema":{"@context":"https:\/\/schema.org","@graph":[{"@type":"WebPage","@id":"https:\/\/cncmachining.fi\/de\/","url":"https:\/\/cncmachining.fi\/de\/","name":"Bearbeitung mit CNC-Werkzeugmaschinen | Techcom O\u00dc","isPartOf":{"@id":"https:\/\/cncmachining.fi\/de\/#website"},"datePublished":"2019-05-10T14:40:15+00:00","dateModified":"2023-08-22T14:10:30+00:00","description":"Das Unternehmen Techcom O\u00dc wird als Subunternehmer auf die mechanische Bearbeitung spezialisiert und f\u00fchrt ein breites Spektrum der Arbeiten","breadcrumb":{"@id":"https:\/\/cncmachining.fi\/de\/#breadcrumb"},"inLanguage":"de","potentialAction":[{"@type":"ReadAction","target":["https:\/\/cncmachining.fi\/de\/"]}]},{"@type":"BreadcrumbList","@id":"https:\/\/cncmachining.fi\/de\/#breadcrumb","itemListElement":[{"@type":"ListItem","position":1,"name":"Home","item":"https:\/\/cncmachining.fi\/de\/"},{"@type":"ListItem","position":2,"name":"Startseite"}]},{"@type":"WebSite","@id":"https:\/\/cncmachining.fi\/de\/#website","url":"https:\/\/cncmachining.fi\/de\/","name":"Bearbeitung mit CNC-Werkzeugmaschinen","description":"","publisher":{"@id":"https:\/\/cncmachining.fi\/de\/#organization"},"potentialAction":[{"@type":"SearchAction","target":{"@type":"EntryPoint","urlTemplate":"https:\/\/cncmachining.fi\/de\/?s={search_term_string}"},"query-input":"required name=search_term_string"}],"inLanguage":"de"},{"@type":"Organization","@id":"https:\/\/cncmachining.fi\/de\/#organization","name":"Techcom O\u00dc","url":"https:\/\/cncmachining.fi\/de\/","logo":{"@type":"ImageObject","inLanguage":"de","@id":"https:\/\/cncmachining.fi\/de\/#\/schema\/logo\/image\/","url":"https:\/\/cncmachining.fi\/wp-content\/uploads\/2023\/07\/Techcom-logo.svg","contentUrl":"https:\/\/cncmachining.fi\/wp-content\/uploads\/2023\/07\/Techcom-logo.svg","width":"1024","height":"1024","caption":"Techcom O\u00dc"},"image":{"@id":"https:\/\/cncmachining.fi\/de\/#\/schema\/logo\/image\/"}}]}},"_links":{"self":[{"href":"https:\/\/cncmachining.fi\/de\/wp-json\/wp\/v2\/pages\/8263","targetHints":{"allow":["GET"]}}],"collection":[{"href":"https:\/\/cncmachining.fi\/de\/wp-json\/wp\/v2\/pages"}],"about":[{"href":"https:\/\/cncmachining.fi\/de\/wp-json\/wp\/v2\/types\/page"}],"author":[{"embeddable":true,"href":"https:\/\/cncmachining.fi\/de\/wp-json\/wp\/v2\/users\/1"}],"replies":[{"embeddable":true,"href":"https:\/\/cncmachining.fi\/de\/wp-json\/wp\/v2\/comments?post=8263"}],"version-history":[{"count":6,"href":"https:\/\/cncmachining.fi\/de\/wp-json\/wp\/v2\/pages\/8263\/revisions"}],"predecessor-version":[{"id":8292,"href":"https:\/\/cncmachining.fi\/de\/wp-json\/wp\/v2\/pages\/8263\/revisions\/8292"}],"wp:featuredmedia":[{"embeddable":true,"href":"https:\/\/cncmachining.fi\/de\/wp-json\/wp\/v2\/media\/8111"}],"wp:attachment":[{"href":"https:\/\/cncmachining.fi\/de\/wp-json\/wp\/v2\/media?parent=8263"}],"curies":[{"name":"wp","href":"https:\/\/api.w.org\/{rel}","templated":true}]}}